{"id":74,"date":"2020-08-03T11:29:52","date_gmt":"2020-08-03T11:29:52","guid":{"rendered":"https:\/\/gartmeier.com\/wp\/?page_id=74"},"modified":"2024-06-24T22:43:35","modified_gmt":"2024-06-24T22:43:35","slug":"prototipado","status":"publish","type":"page","link":"https:\/\/servtec.gartmeier.com\/?page_id=74","title":{"rendered":"Prototipado"},"content":{"rendered":"\n<div class=\"wp-block-group\"><div class=\"wp-block-group__inner-container\">\n<p><strong>Le ayudamos en convertir su idea en un producto real!<\/strong><\/p>\n\n\n\n<p>En el primer paso analizamos la idea para extraer las characteristicas del producto deseado. El departamento de dise\u00f1o se preocupa de convertirlas en un prototipo digital usando el modelado 3D (CAD).<\/p>\n\n\n\n<p>Una vez verificado el prototipo digital eligimos el proceso m\u00e1s econ\u00f3mico para fabricar los componentes. Aparte de los procesos convencionales para trabajar precisamente los materiales (cortar, taladrar, tornear, fresar, plegar, soldar etc.) contamos con fresadora CNC y cortadora CNC a l\u00e1ser y plasma.<\/p>\n\n\n\n<p>Para el prototipado de circuitos electr\u00f3nicos a medida disponemos de un laboratorio de electr\u00f3nica.<\/p>\n\n\n\n<p>Con la Impresi\u00f3n 3D podemos fabricar econ\u00f3micamente piezas con diferentes pl\u00e1sticos como PLA, ABS\/ASA, TPU, PETG, Resina UV etc.<\/p>\n<\/div><\/div>\n","protected":false},"excerpt":{"rendered":"<p>Le ayudamos en convertir su idea en un producto real!<\/p>\n<p>Analizamos su idea para extraer las characteristicas del producto deseado. El departamento de dise\u00f1o se preocupa de convertirlas en un prototipo digital usando el modelado 3D (CAD).<\/p>\n","protected":false},"author":1,"featured_media":115,"parent":0,"menu_order":0,"comment_status":"closed","ping_status":"closed","template":"","meta":[],"_links":{"self":[{"href":"https:\/\/servtec.gartmeier.com\/index.php?rest_route=\/wp\/v2\/pages\/74"}],"collection":[{"href":"https:\/\/servtec.gartmeier.com\/index.php?rest_route=\/wp\/v2\/pages"}],"about":[{"href":"https:\/\/servtec.gartmeier.com\/index.php?rest_route=\/wp\/v2\/types\/page"}],"author":[{"embeddable":true,"href":"https:\/\/servtec.gartmeier.com\/index.php?rest_route=\/wp\/v2\/users\/1"}],"replies":[{"embeddable":true,"href":"https:\/\/servtec.gartmeier.com\/index.php?rest_route=%2Fwp%2Fv2%2Fcomments&post=74"}],"version-history":[{"count":13,"href":"https:\/\/servtec.gartmeier.com\/index.php?rest_route=\/wp\/v2\/pages\/74\/revisions"}],"predecessor-version":[{"id":242,"href":"https:\/\/servtec.gartmeier.com\/index.php?rest_route=\/wp\/v2\/pages\/74\/revisions\/242"}],"wp:featuredmedia":[{"embeddable":true,"href":"https:\/\/servtec.gartmeier.com\/index.php?rest_route=\/wp\/v2\/media\/115"}],"wp:attachment":[{"href":"https:\/\/servtec.gartmeier.com\/index.php?rest_route=%2Fwp%2Fv2%2Fmedia&parent=74"}],"curies":[{"name":"wp","href":"https:\/\/api.w.org\/{rel}","templated":true}]}}